{"id":438,"date":"2021-02-08T14:03:37","date_gmt":"2021-02-08T13:03:37","guid":{"rendered":"http:\/\/axohm.com\/?page_id=438"},"modified":"2021-08-18T15:54:07","modified_gmt":"2021-08-18T13:54:07","slug":"avantages-de-la-telephonie-ip","status":"publish","type":"page","link":"http:\/\/axohm.com\/index.php\/avantages-de-la-telephonie-ip\/","title":{"rendered":"Avantages de la t\u00e9l\u00e9phonie IP"},"content":{"rendered":"\t\t<div data-elementor-type=\"wp-page\" data-elementor-id=\"438\" class=\"elementor elementor-438\">\n\t\t\t\t\t\t<section class=\"elementor-section elementor-top-section elementor-element elementor-element-6b2af2c7 elementor-section-boxed elementor-section-height-default elementor-section-height-default\" data-id=\"6b2af2c7\" data-element_type=\"section\" data-e-type=\"section\">\n\t\t\t\t\t\t<div class=\"elementor-container elementor-column-gap-default\">\n\t\t\t\t\t<div class=\"elementor-column elementor-col-100 elementor-top-column elementor-element elementor-element-1b593aff\" data-id=\"1b593aff\" data-element_type=\"column\" data-e-type=\"column\">\n\t\t\t<div class=\"elementor-widget-wrap elementor-element-populated\">\n\t\t\t\t\t\t<div class=\"elementor-element elementor-element-2f65238c elementor-invisible elementor-widget elementor-widget-text-editor\" data-id=\"2f65238c\" data-element_type=\"widget\" data-e-type=\"widget\" data-settings=\"{&quot;_animation&quot;:&quot;zoomIn&quot;}\" data-widget_type=\"text-editor.default\">\n\t\t\t\t<div class=\"elementor-widget-container\">\n\t\t\t\t\t\t\t\t\t<p><\/p>\n<div class=\"wp-block-media-text alignwide is-stacked-on-mobile\">\n<figure class=\"wp-block-media-text__media\"><img fetchpriority=\"high\" decoding=\"async\" width=\"1024\" height=\"796\" src=\"http:\/\/axohm.com\/wp-content\/uploads\/2021\/02\/You-auto-complete-me-YouTube-Your-Man-You-Are-My-Sunshine-Lyrics-1-1024x796.png\" alt=\"\" class=\"wp-image-533 size-full\" srcset=\"http:\/\/axohm.com\/wp-content\/uploads\/2021\/02\/You-auto-complete-me-YouTube-Your-Man-You-Are-My-Sunshine-Lyrics-1-1024x796.png 1024w, http:\/\/axohm.com\/wp-content\/uploads\/2021\/02\/You-auto-complete-me-YouTube-Your-Man-You-Are-My-Sunshine-Lyrics-1-300x233.png 300w, http:\/\/axohm.com\/wp-content\/uploads\/2021\/02\/You-auto-complete-me-YouTube-Your-Man-You-Are-My-Sunshine-Lyrics-1-768x597.png 768w, http:\/\/axohm.com\/wp-content\/uploads\/2021\/02\/You-auto-complete-me-YouTube-Your-Man-You-Are-My-Sunshine-Lyrics-1-1536x1195.png 1536w, http:\/\/axohm.com\/wp-content\/uploads\/2021\/02\/You-auto-complete-me-YouTube-Your-Man-You-Are-My-Sunshine-Lyrics-1-77x60.png 77w, http:\/\/axohm.com\/wp-content\/uploads\/2021\/02\/You-auto-complete-me-YouTube-Your-Man-You-Are-My-Sunshine-Lyrics-1.png 1800w\" sizes=\"(max-width: 1024px) 100vw, 1024px\" \/><\/figure>\n<div class=\"wp-block-media-text__content\">\n<p><\/p>\n<h3 class=\"has-text-align-left has-text-color wp-block-heading\" style=\"color:#44685a\">R\u00e9duction de la facture t\u00e9l\u00e9com<\/h3>\n<p><\/p>\n<p><\/p>\n<p class=\"has-text-align-left\">Avec le co\u00fbt avantageux de la VoIP, la t\u00e9l\u00e9phonie IP offre de r\u00e9elles \u00e9conomies pour les entreprises.<\/p>\n<p><\/p>\n<\/div>\n<\/div>\n<p><\/p>\n<p><\/p>\n<div class=\"wp-block-media-text alignwide has-media-on-the-right is-stacked-on-mobile\">\n<figure class=\"wp-block-media-text__media\"><img decoding=\"async\" width=\"1024\" height=\"796\" src=\"http:\/\/axohm.com\/wp-content\/uploads\/2021\/02\/You-auto-complete-me-YouTube-Your-Man-You-Are-My-Sunshine-Lyrics-2-1024x796.png\" alt=\"\" class=\"wp-image-534 size-full\" srcset=\"http:\/\/axohm.com\/wp-content\/uploads\/2021\/02\/You-auto-complete-me-YouTube-Your-Man-You-Are-My-Sunshine-Lyrics-2-1024x796.png 1024w, http:\/\/axohm.com\/wp-content\/uploads\/2021\/02\/You-auto-complete-me-YouTube-Your-Man-You-Are-My-Sunshine-Lyrics-2-300x233.png 300w, http:\/\/axohm.com\/wp-content\/uploads\/2021\/02\/You-auto-complete-me-YouTube-Your-Man-You-Are-My-Sunshine-Lyrics-2-768x597.png 768w, http:\/\/axohm.com\/wp-content\/uploads\/2021\/02\/You-auto-complete-me-YouTube-Your-Man-You-Are-My-Sunshine-Lyrics-2-1536x1195.png 1536w, http:\/\/axohm.com\/wp-content\/uploads\/2021\/02\/You-auto-complete-me-YouTube-Your-Man-You-Are-My-Sunshine-Lyrics-2-77x60.png 77w, http:\/\/axohm.com\/wp-content\/uploads\/2021\/02\/You-auto-complete-me-YouTube-Your-Man-You-Are-My-Sunshine-Lyrics-2.png 1800w\" sizes=\"(max-width: 1024px) 100vw, 1024px\" \/><\/figure>\n<div class=\"wp-block-media-text__content\">\n<p><\/p>\n<h3 class=\"has-text-align-left has-text-color wp-block-heading\" style=\"color:#44685a\">Investissement pour demain<\/h3>\n<p><\/p>\n<p><\/p>\n<p class=\"has-text-align-left\">Le march\u00e9 de la t\u00e9l\u00e9phonie d&rsquo;entreprise IP-PBX a d\u00e9j\u00e0 d\u00e9pass\u00e9 celui des PBX (autocommutateurs traditionnels).<br>Le passage vers un central t\u00e9l\u00e9phonique fonctionnant sur un r\u00e9seau IP est donc un choix strat\u00e9gique d&rsquo;avenir.<\/p>\n<p><\/p>\n<\/div>\n<\/div>\n<p><\/p>\n<p><\/p>\n<div class=\"wp-block-media-text alignwide is-stacked-on-mobile\">\n<figure class=\"wp-block-media-text__media\"><img decoding=\"async\" width=\"1024\" height=\"796\" src=\"http:\/\/axohm.com\/wp-content\/uploads\/2021\/02\/You-auto-complete-me-YouTube-Your-Man-You-Are-My-Sunshine-Lyrics-3-1024x796.png\" alt=\"\" class=\"wp-image-535 size-full\" srcset=\"http:\/\/axohm.com\/wp-content\/uploads\/2021\/02\/You-auto-complete-me-YouTube-Your-Man-You-Are-My-Sunshine-Lyrics-3-1024x796.png 1024w, http:\/\/axohm.com\/wp-content\/uploads\/2021\/02\/You-auto-complete-me-YouTube-Your-Man-You-Are-My-Sunshine-Lyrics-3-300x233.png 300w, http:\/\/axohm.com\/wp-content\/uploads\/2021\/02\/You-auto-complete-me-YouTube-Your-Man-You-Are-My-Sunshine-Lyrics-3-768x597.png 768w, http:\/\/axohm.com\/wp-content\/uploads\/2021\/02\/You-auto-complete-me-YouTube-Your-Man-You-Are-My-Sunshine-Lyrics-3-1536x1195.png 1536w, http:\/\/axohm.com\/wp-content\/uploads\/2021\/02\/You-auto-complete-me-YouTube-Your-Man-You-Are-My-Sunshine-Lyrics-3-77x60.png 77w, http:\/\/axohm.com\/wp-content\/uploads\/2021\/02\/You-auto-complete-me-YouTube-Your-Man-You-Are-My-Sunshine-Lyrics-3.png 1800w\" sizes=\"(max-width: 1024px) 100vw, 1024px\" \/><\/figure>\n<div class=\"wp-block-media-text__content\">\n<p><\/p>\n<h3 class=\"has-text-align-left has-text-color wp-block-heading\" style=\"color:#44685a\">Plus de mobilit\u00e9 dans vos d\u00e9placements<\/h3>\n<p><\/p>\n<p><\/p>\n<p class=\"has-text-align-left\">Avec des postes n&rsquo;\u00e9tant plus physiquement reli\u00e9s \u00e0 des lignes, la t\u00e9l\u00e9phonie sur IP permet \u00e0 l&rsquo;utilisateur de conserver son num\u00e9ro dans ses d\u00e9placements.<\/p>\n<p><\/p>\n<\/div>\n<\/div>\n<p><\/p>\n<p><\/p>\n<p class=\"has-text-align-left\">La t\u00e9l\u00e9phonie sur IP rassemble tous les mat\u00e9riels de l&rsquo;entreprise (t\u00e9l\u00e9phone, visioconf\u00e9rence, fax, PC) sur un m\u00eame r\u00e9seau et donc un m\u00eame protocole.<\/p><\/div><\/div>\t\t\t\t\t\t\t\t<\/div>\n\t\t\t\t<\/div>\n\t\t\t\t\t<\/div>\n\t\t<\/div>\n\t\t\t\t\t<\/div>\n\t\t<\/section>\n\t\t<\/p>\n<p><\/p>\n<div class=\"wp-block-media-text alignwide has-media-on-the-right is-stacked-on-mobile\">\n<figure class=\"wp-block-media-text__media\"><img loading=\"lazy\" decoding=\"async\" width=\"1024\" height=\"796\" src=\"http:\/\/axohm.com\/wp-content\/uploads\/2021\/02\/You-auto-complete-me-YouTube-Your-Man-You-Are-My-Sunshine-Lyrics-4-1024x796.png\" alt=\"\" class=\"wp-image-536 size-full\" srcset=\"http:\/\/axohm.com\/wp-content\/uploads\/2021\/02\/You-auto-complete-me-YouTube-Your-Man-You-Are-My-Sunshine-Lyrics-4-1024x796.png 1024w, http:\/\/axohm.com\/wp-content\/uploads\/2021\/02\/You-auto-complete-me-YouTube-Your-Man-You-Are-My-Sunshine-Lyrics-4-300x233.png 300w, http:\/\/axohm.com\/wp-content\/uploads\/2021\/02\/You-auto-complete-me-YouTube-Your-Man-You-Are-My-Sunshine-Lyrics-4-768x597.png 768w, http:\/\/axohm.com\/wp-content\/uploads\/2021\/02\/You-auto-complete-me-YouTube-Your-Man-You-Are-My-Sunshine-Lyrics-4-1536x1195.png 1536w, http:\/\/axohm.com\/wp-content\/uploads\/2021\/02\/You-auto-complete-me-YouTube-Your-Man-You-Are-My-Sunshine-Lyrics-4-77x60.png 77w, http:\/\/axohm.com\/wp-content\/uploads\/2021\/02\/You-auto-complete-me-YouTube-Your-Man-You-Are-My-Sunshine-Lyrics-4.png 1800w\" sizes=\"(max-width: 1024px) 100vw, 1024px\" \/><\/figure>\n<div class=\"wp-block-media-text__content\">\n<p><\/p>\n<h3 class=\"has-text-align-left has-text-color wp-block-heading\" style=\"color:#44685a\">Une souplesse du service<\/h3>\n<p><\/p>\n<p><!-- wp:paragraph {\"align\":\"left\"} --><\/p>\n<p class=\"has-text-align-left\">La t\u00e9l\u00e9phonie sur IP rassemble tous les mat\u00e9riels de l&rsquo;entreprise (t\u00e9l\u00e9phone, visioconf\u00e9rence, fax, PC) sur un m\u00eame r\u00e9seau et donc un m\u00eame protocole.<\/p><\/div><\/div>\t\t\t\t\t\t\t\t<\/div>\n\t\t\t\t<\/div>\n\t\t\t\t\t<\/div>\n\t\t<\/div>\n\t\t\t\t\t<\/div>\n\t\t<\/section>\n\t\t\t\t<\/div>\n\t\t","protected":false},"excerpt":{"rendered":"<p>R\u00e9duction de la facture t\u00e9l\u00e9com Avec le co\u00fbt avantageux de la VoIP, la t\u00e9l\u00e9phonie IP offre de r\u00e9elles \u00e9conomies pour les entreprises. Investissement pour demain Le march\u00e9 de la t\u00e9l\u00e9phonie d&rsquo;entreprise IP-PBX a d\u00e9j\u00e0 d\u00e9pass\u00e9 celui des PBX (autocommutateurs traditionnels).Le passage vers un central t\u00e9l\u00e9phonique fonctionnant sur un r\u00e9seau IP &hellip; <\/p>\n","protected":false},"author":1,"featured_media":0,"parent":0,"menu_order":0,"comment_status":"closed","ping_status":"closed","template":"","meta":{"footnotes":""},"class_list":["post-438","page","type-page","status-publish","hentry"],"aioseo_notices":[],"_links":{"self":[{"href":"http:\/\/axohm.com\/index.php\/wp-json\/wp\/v2\/pages\/438","targetHints":{"allow":["GET"]}}],"collection":[{"href":"http:\/\/axohm.com\/index.php\/wp-json\/wp\/v2\/pages"}],"about":[{"href":"http:\/\/axohm.com\/index.php\/wp-json\/wp\/v2\/types\/page"}],"author":[{"embeddable":true,"href":"http:\/\/axohm.com\/index.php\/wp-json\/wp\/v2\/users\/1"}],"replies":[{"embeddable":true,"href":"http:\/\/axohm.com\/index.php\/wp-json\/wp\/v2\/comments?post=438"}],"version-history":[{"count":0,"href":"http:\/\/axohm.com\/index.php\/wp-json\/wp\/v2\/pages\/438\/revisions"}],"wp:attachment":[{"href":"http:\/\/axohm.com\/index.php\/wp-json\/wp\/v2\/media?parent=438"}],"curies":[{"name":"wp","href":"https:\/\/api.w.org\/{rel}","templated":true}]}}