{"id":521,"date":"2021-02-16T11:13:16","date_gmt":"2021-02-16T10:13:16","guid":{"rendered":"http:\/\/axohm.com\/?page_id=521"},"modified":"2021-03-10T17:47:04","modified_gmt":"2021-03-10T16:47:04","slug":"partenaires","status":"publish","type":"page","link":"http:\/\/axohm.com\/index.php\/partenaires\/","title":{"rendered":"Partenaires"},"content":{"rendered":"\n<p class=\"has-text-align-center\" style=\"font-size:30px\"><strong>LES PARTENAIRES<\/strong>&nbsp;DE TELEPHONIE SUR IP<\/p>\n\n\n\n<div class=\"wp-block-media-text alignwide is-stacked-on-mobile\"><figure class=\"wp-block-media-text__media\"><img decoding=\"async\" src=\"https:\/\/groupe-concepta.fr\/wp-content\/uploads\/2021\/02\/Gigaset_Communications_logo.svg_-1024x313.png\" alt=\"\" class=\"wp-image-1061 size-full\"\/><\/figure><div class=\"wp-block-media-text__content\">\n<p><strong>La r\u00e9f\u00e9rence en mati\u00e8re de communications professionnelles.<\/strong><\/p>\n\n\n\n<p>Un t\u00e9l\u00e9phone de bureau vraiment pens\u00e9 pour l\u2019entreprise. Les t\u00e9l\u00e9phones de bureau Gigaset pro sont le choix id\u00e9al pour les communications d\u2019entreprise.<\/p>\n<\/div><\/div>\n\n\n\n<p><\/p>\n\n\n\n<div class=\"wp-block-media-text alignwide has-media-on-the-right is-stacked-on-mobile\"><figure class=\"wp-block-media-text__media\"><img decoding=\"async\" src=\"https:\/\/groupe-concepta.fr\/wp-content\/uploads\/2021\/02\/telechargement-1.png\" alt=\"\" class=\"wp-image-1065 size-full\"\/><\/figure><div class=\"wp-block-media-text__content\">\n<h2 class=\"wp-block-heading\" style=\"font-size:17px\"><strong>Des t\u00e9l\u00e9phones&nbsp;IP \u00e9quip\u00e9s des derni\u00e8res technologies qui r\u00e9pondent \u00e0 un<\/strong>&nbsp;<strong>vaste<\/strong>&nbsp;\u00e9<strong>ventail de besoins.<\/strong><\/h2>\n\n\n\n<p>La gamme de t\u00e9l\u00e9phones IP Cisco est facile \u00e0 utiliser et riche en fonctionnalit\u00e9s pour r\u00e9pondre \u00e0 tous les besoins de votre entreprise.<\/p>\n<\/div><\/div>\n\n\n\n<p><\/p>\n\n\n\n<div class=\"wp-block-media-text alignwide is-stacked-on-mobile\"><figure class=\"wp-block-media-text__media\"><a href=\"http:\/\/axohm.com\/index.php\/choix-de-telephonie-yealink\/\"><img decoding=\"async\" src=\"https:\/\/groupe-concepta.fr\/wp-content\/uploads\/2021\/01\/Yealink-Logo-2-768x160-1.png\" alt=\"\" class=\"wp-image-585 size-full\"\/><\/a><\/figure><div class=\"wp-block-media-text__content\">\n<p><strong>L\u2019un des principaux fournisseurs mondiaux de solutions de&nbsp;collaboration et de communication unifi\u00e9es.<\/strong><\/p>\n\n\n\n<p>Yealink&nbsp;a mis en place une solution de collaboration panoramique pour les conf\u00e9rences audio et vid\u00e9o en fusionnant ses services en Cloud avec une s\u00e9rie de solutions de&nbsp;visioconf\u00e9rence.<\/p>\n<\/div><\/div>\n\n\n\n<p><\/p>\n\n\n\n<hr class=\"wp-block-separator is-style-wide\"\/>\n\n\n\n<h2 class=\"wp-block-heading\"><strong>VOUS<\/strong>&nbsp;AVEZ UN PROJET ?<\/h2>\n\n\n\n<p style=\"font-size:24px\">CONTACTEZ-NOUS, NOUS POUVONS VOUS AIDER !<\/p>\n\n\n\n<div class=\"wp-block-buttons is-layout-flex wp-block-buttons-is-layout-flex\">\n<div class=\"wp-block-button\"><a class=\"wp-block-button__link has-white-color has-text-color\" href=\"https:\/\/groupe-concepta.fr\/index.php\/contact\/\" target=\"_blank\" rel=\"noreferrer noopener\">Contactez-nous !<\/a><\/div>\n<\/div>\n\n\n\n<hr class=\"wp-block-separator is-style-wide\"\/>\n\n\n\n<!-- Global site tag (gtag.js) - Google Analytics -->\n<script async=\"\" src=\"https:\/\/www.googletagmanager.com\/gtag\/js?id=G-LN85BCGN4N\"><\/script>\n<script>\n  window.dataLayer = window.dataLayer || [];\n  function gtag(){dataLayer.push(arguments);}\n  gtag('js', new Date());\n\n  gtag('config', 'G-LN85BCGN4N');\n<\/script>\n\n\n\n<p><\/p>\n","protected":false},"excerpt":{"rendered":"<p>LES PARTENAIRES&nbsp;DE TELEPHONIE SUR IP La r\u00e9f\u00e9rence en mati\u00e8re de communications professionnelles. Un t\u00e9l\u00e9phone de bureau vraiment pens\u00e9 pour l\u2019entreprise. Les t\u00e9l\u00e9phones de bureau Gigaset pro sont le choix id\u00e9al pour les communications d\u2019entreprise. Des t\u00e9l\u00e9phones&nbsp;IP \u00e9quip\u00e9s des derni\u00e8res technologies qui r\u00e9pondent \u00e0 un&nbsp;vaste&nbsp;\u00e9ventail de besoins. La gamme de t\u00e9l\u00e9phones &hellip; <\/p>\n","protected":false},"author":1,"featured_media":0,"parent":0,"menu_order":0,"comment_status":"closed","ping_status":"closed","template":"","meta":{"footnotes":""},"class_list":["post-521","page","type-page","status-publish","hentry"],"aioseo_notices":[],"_links":{"self":[{"href":"http:\/\/axohm.com\/index.php\/wp-json\/wp\/v2\/pages\/521","targetHints":{"allow":["GET"]}}],"collection":[{"href":"http:\/\/axohm.com\/index.php\/wp-json\/wp\/v2\/pages"}],"about":[{"href":"http:\/\/axohm.com\/index.php\/wp-json\/wp\/v2\/types\/page"}],"author":[{"embeddable":true,"href":"http:\/\/axohm.com\/index.php\/wp-json\/wp\/v2\/users\/1"}],"replies":[{"embeddable":true,"href":"http:\/\/axohm.com\/index.php\/wp-json\/wp\/v2\/comments?post=521"}],"version-history":[{"count":0,"href":"http:\/\/axohm.com\/index.php\/wp-json\/wp\/v2\/pages\/521\/revisions"}],"wp:attachment":[{"href":"http:\/\/axohm.com\/index.php\/wp-json\/wp\/v2\/media?parent=521"}],"curies":[{"name":"wp","href":"https:\/\/api.w.org\/{rel}","templated":true}]}}