{"id":606,"date":"2021-03-09T14:32:46","date_gmt":"2021-03-09T13:32:46","guid":{"rendered":"http:\/\/axohm.com\/?page_id=606"},"modified":"2021-08-19T10:02:24","modified_gmt":"2021-08-19T08:02:24","slug":"fibre","status":"publish","type":"page","link":"http:\/\/axohm.com\/index.php\/fibre\/","title":{"rendered":"Fibre Optique &#8211; Tr\u00e8s Haut D\u00e9bit"},"content":{"rendered":"\t\t<div data-elementor-type=\"wp-page\" data-elementor-id=\"606\" class=\"elementor elementor-606\">\n\t\t\t\t\t\t<section class=\"elementor-section elementor-top-section elementor-element elementor-element-38c992f4 elementor-section-boxed elementor-section-height-default elementor-section-height-default\" data-id=\"38c992f4\" data-element_type=\"section\" data-e-type=\"section\">\n\t\t\t\t\t\t<div class=\"elementor-container elementor-column-gap-default\">\n\t\t\t\t\t<div class=\"elementor-column elementor-col-100 elementor-top-column elementor-element elementor-element-4fc54c1f\" data-id=\"4fc54c1f\" data-element_type=\"column\" data-e-type=\"column\">\n\t\t\t<div class=\"elementor-widget-wrap elementor-element-populated\">\n\t\t\t\t\t\t<div class=\"elementor-element elementor-element-77aa68b5 elementor-invisible elementor-widget elementor-widget-text-editor\" data-id=\"77aa68b5\" data-element_type=\"widget\" data-e-type=\"widget\" data-settings=\"{&quot;_animation&quot;:&quot;fadeIn&quot;}\" data-widget_type=\"text-editor.default\">\n\t\t\t\t<div class=\"elementor-widget-container\">\n\t\t\t\t\t\t\t\t\t\n<p style=\"font-size:30px\">LES AVANTAGES DE LA FIBRE OPTIQUE EN ENTREPRISE<\/p>\n\n\n\n<ul class=\"wp-block-list\" id=\"block-83eb90e3-a455-4315-9318-202ff2dec8f7\" style=\"font-size:23px\"><li>Internet en tr\u00e8s haut d\u00e9bit, fluidifiant les \u00e9changes de donn\u00e9es et les transferts de fichiers.<\/li><li>Une haute qualit\u00e9 de connexion&nbsp;qui limite les interruptions de services.<\/li><li>Contrairement au cuivre, la fibre optique n\u2019est pas sujette aux perturbations \u00e9lectromagn\u00e9tiques.<\/li><li>Aucune perte de d\u00e9bit et une latence plus faible.<\/li><\/ul>\n\n\n\n<div class=\"wp-block-image is-style-default\"><figure class=\"aligncenter size-large is-resized\"><img fetchpriority=\"high\" decoding=\"async\" src=\"http:\/\/axohm.com\/wp-content\/uploads\/2020\/11\/rj45-prises.jpg\" alt=\"\" class=\"wp-image-246\" width=\"528\" height=\"274\" srcset=\"http:\/\/axohm.com\/wp-content\/uploads\/2020\/11\/rj45-prises.jpg 675w, http:\/\/axohm.com\/wp-content\/uploads\/2020\/11\/rj45-prises-300x156.jpg 300w\" sizes=\"(max-width: 528px) 100vw, 528px\" \/><\/figure><\/div>\n\n\n\n<p><\/p>\n\n\n\n<p style=\"font-size:30px\">UNE INFRASTRUCTURE INFORMATIQUE<\/p>\n\n\n\n<p class=\"has-medium-font-size\">En effet,&nbsp;<strong>la fibre optique en entreprise<\/strong>&nbsp;am\u00e9liore la connexion au serveur. Il est d\u00e9sormais possible de profiter d\u2019un parc  informatique plus souple, mieux s\u00e9curis\u00e9 et surtout moins on\u00e9reux !<\/p>\n\n\n\n<ul class=\"wp-block-list\" id=\"block-eb8acd8c-d378-41bb-a40a-accd8b2888d9\" style=\"font-size:23px\"><li>H\u00e9bergement plus s\u00e9curis\u00e9e et rapide des donn\u00e9es<\/li><li>Installation d&rsquo;une messagerie d\u2019entreprise<\/li><li>Mise en place d&rsquo;un bureau virtuel<\/li><li>Migration entre les services et diff\u00e9rents sites<\/li><li>syst\u00e8me de maintenance informatique en temps r\u00e9el<\/li><li>synchronisation des donn\u00e9es<\/li><\/ul>\n\n\n\n<div class=\"wp-block-image is-style-default\"><figure class=\"aligncenter size-large is-resized\"><img decoding=\"async\" src=\"http:\/\/axohm.com\/wp-content\/uploads\/2020\/11\/schema-voip.png\" alt=\"\" class=\"wp-image-248\" width=\"567\" height=\"407\" srcset=\"http:\/\/axohm.com\/wp-content\/uploads\/2020\/11\/schema-voip.png 533w, http:\/\/axohm.com\/wp-content\/uploads\/2020\/11\/schema-voip-300x216.png 300w\" sizes=\"(max-width: 567px) 100vw, 567px\" \/><\/figure><\/div>\n\t\t\t\t\t\t\t\t<\/div>\n\t\t\t\t<\/div>\n\t\t\t\t\t<\/div>\n\t\t<\/div>\n\t\t\t\t\t<\/div>\n\t\t<\/section>\n\t\t\t\t<section class=\"elementor-section elementor-top-section elementor-element elementor-element-45f4b9f elementor-section-boxed elementor-section-height-default elementor-section-height-default\" data-id=\"45f4b9f\" data-element_type=\"section\" data-e-type=\"section\">\n\t\t\t\t\t\t<div class=\"elementor-container elementor-column-gap-default\">\n\t\t\t\t\t<div class=\"elementor-column elementor-col-100 elementor-top-column elementor-element elementor-element-11dbad5\" data-id=\"11dbad5\" data-element_type=\"column\" data-e-type=\"column\">\n\t\t\t<div class=\"elementor-widget-wrap elementor-element-populated\">\n\t\t\t\t\t\t<div class=\"elementor-element elementor-element-48650c3 elementor-invisible elementor-widget elementor-widget-heading\" data-id=\"48650c3\" data-element_type=\"widget\" data-e-type=\"widget\" data-settings=\"{&quot;_animation&quot;:&quot;fadeInLeft&quot;}\" data-widget_type=\"heading.default\">\n\t\t\t\t<div class=\"elementor-widget-container\">\n\t\t\t\t\t<h2 class=\"elementor-heading-title elementor-size-default\"><span style=\"font-family: Raleway, Helvetica, Arial, Lucida, sans-serif;font-size: 26px;font-weight: 500;white-space: normal\">LA FIBRE OPTIQUE ENTREPRISE :<\/span><span style=\"font-family: Raleway, Helvetica, Arial, Lucida, sans-serif;font-size: 26px;font-weight: 500;white-space: normal;background: transparent;margin: 0px;padding: 0px;border: 0px;vertical-align: baseline\"><br><\/span><span style=\"font-family: Raleway, Helvetica, Arial, Lucida, sans-serif;font-size: 26px;font-weight: 500;white-space: normal\">CHOISISSEZ VOTRE D\u00c9BIT !<\/span><\/h2>\t\t\t\t<\/div>\n\t\t\t\t<\/div>\n\t\t\t\t\t<\/div>\n\t\t<\/div>\n\t\t\t\t\t<\/div>\n\t\t<\/section>\n\t\t\t\t<section class=\"elementor-section elementor-top-section elementor-element elementor-element-8bdff83 elementor-section-boxed elementor-section-height-default elementor-section-height-default\" data-id=\"8bdff83\" data-element_type=\"section\" data-e-type=\"section\">\n\t\t\t\t\t\t<div class=\"elementor-container elementor-column-gap-default\">\n\t\t\t\t\t<div class=\"elementor-column elementor-col-100 elementor-top-column elementor-element elementor-element-266bc79\" data-id=\"266bc79\" data-element_type=\"column\" data-e-type=\"column\">\n\t\t\t<div class=\"elementor-widget-wrap elementor-element-populated\">\n\t\t\t\t\t\t<div class=\"elementor-element elementor-element-d7a82ef elementor-widget elementor-widget-text-editor\" data-id=\"d7a82ef\" data-element_type=\"widget\" data-e-type=\"widget\" data-settings=\"{&quot;_animation&quot;:&quot;none&quot;}\" data-widget_type=\"text-editor.default\">\n\t\t\t\t<div class=\"elementor-widget-container\">\n\t\t\t\t\t\t\t\t\t<p><span style=\"color: #666666; font-family: Raleway, Helvetica, Arial, Lucida, sans-serif; font-size: 16px; text-align: center;\">Nous vous proposons diff\u00e9rents abonnements fibre internet pour r\u00e9pondre \u00e0 votre besoin.<\/span><br style=\"color: #666666; font-family: Raleway, Helvetica, Arial, Lucida, sans-serif; font-size: 16px; text-align: center;\"><span style=\"color: #666666; font-family: Raleway, Helvetica, Arial, Lucida, sans-serif; font-size: 16px; text-align: center;\">Nos \u00e9quipes vous aident \u00e0 calibrer vos usages et d\u00e9finir le d\u00e9bit adapt\u00e9.<\/span><\/p>\t\t\t\t\t\t\t\t<\/div>\n\t\t\t\t<\/div>\n\t\t\t\t\t<\/div>\n\t\t<\/div>\n\t\t\t\t\t<\/div>\n\t\t<\/section>\n\t\t\t\t<section class=\"elementor-section elementor-top-section elementor-element elementor-element-1a1901a elementor-section-boxed elementor-section-height-default elementor-section-height-default\" data-id=\"1a1901a\" data-element_type=\"section\" data-e-type=\"section\">\n\t\t\t\t\t\t<div class=\"elementor-container elementor-column-gap-default\">\n\t\t\t\t\t<div class=\"elementor-column elementor-col-100 elementor-top-column elementor-element elementor-element-0b777d2\" data-id=\"0b777d2\" data-element_type=\"column\" data-e-type=\"column\">\n\t\t\t<div class=\"elementor-widget-wrap elementor-element-populated\">\n\t\t\t\t\t\t<div class=\"elementor-element elementor-element-894d5f3 elementor-align-center elementor-widget elementor-widget-button\" data-id=\"894d5f3\" data-element_type=\"widget\" data-e-type=\"widget\" data-widget_type=\"button.default\">\n\t\t\t\t<div class=\"elementor-widget-container\">\n\t\t\t\t\t\t\t\t\t<div class=\"elementor-button-wrapper\">\n\t\t\t\t\t<a class=\"elementor-button elementor-button-link elementor-size-md\" href=\"http:\/\/axohm.com\/index.php\/contact\/\">\n\t\t\t\t\t\t<span class=\"elementor-button-content-wrapper\">\n\t\t\t\t\t\t\t\t\t<span class=\"elementor-button-text\">Demandez votre devis<\/span>\n\t\t\t\t\t<\/span>\n\t\t\t\t\t<\/a>\n\t\t\t\t<\/div>\n\t\t\t\t\t\t\t\t<\/div>\n\t\t\t\t<\/div>\n\t\t\t\t\t<\/div>\n\t\t<\/div>\n\t\t\t\t\t<\/div>\n\t\t<\/section>\n\t\t\t\t<\/div>\n\t\t","protected":false},"excerpt":{"rendered":"<p>LES AVANTAGES DE LA FIBRE OPTIQUE EN ENTREPRISE Internet en tr\u00e8s haut d\u00e9bit, fluidifiant les \u00e9changes de donn\u00e9es et les transferts de fichiers. Une haute qualit\u00e9 de connexion&nbsp;qui limite les interruptions de services. Contrairement au cuivre, la fibre optique n\u2019est pas sujette aux perturbations \u00e9lectromagn\u00e9tiques. Aucune perte de d\u00e9bit et &hellip; <\/p>\n","protected":false},"author":1,"featured_media":0,"parent":0,"menu_order":0,"comment_status":"closed","ping_status":"closed","template":"","meta":{"footnotes":""},"class_list":["post-606","page","type-page","status-publish","hentry"],"aioseo_notices":[],"_links":{"self":[{"href":"http:\/\/axohm.com\/index.php\/wp-json\/wp\/v2\/pages\/606","targetHints":{"allow":["GET"]}}],"collection":[{"href":"http:\/\/axohm.com\/index.php\/wp-json\/wp\/v2\/pages"}],"about":[{"href":"http:\/\/axohm.com\/index.php\/wp-json\/wp\/v2\/types\/page"}],"author":[{"embeddable":true,"href":"http:\/\/axohm.com\/index.php\/wp-json\/wp\/v2\/users\/1"}],"replies":[{"embeddable":true,"href":"http:\/\/axohm.com\/index.php\/wp-json\/wp\/v2\/comments?post=606"}],"version-history":[{"count":0,"href":"http:\/\/axohm.com\/index.php\/wp-json\/wp\/v2\/pages\/606\/revisions"}],"wp:attachment":[{"href":"http:\/\/axohm.com\/index.php\/wp-json\/wp\/v2\/media?parent=606"}],"curies":[{"name":"wp","href":"https:\/\/api.w.org\/{rel}","templated":true}]}}